{"id":96,"date":"2012-06-05T08:53:59","date_gmt":"2012-06-05T08:53:59","guid":{"rendered":"http:\/\/datenschleuder.homepage.t-online.de\/test\/?page_id=96"},"modified":"2012-06-14T14:24:16","modified_gmt":"2012-06-14T14:24:16","slug":"restaurant","status":"publish","type":"page","link":"http:\/\/puccini-oldenburg.de\/?page_id=96","title":{"rendered":"Restaurant"},"content":{"rendered":"<p>&nbsp;<\/p>\n<p>Liebe G\u00e4ste,<\/p>\n<p>genie\u00dfen Sie in gem\u00fctlicher Atmosph\u00e4re die italienische K\u00fcche unseres Hauses.<br \/>\nGerne verw\u00f6hnen wir Sie mit unseren <a title=\"Speisekarte einsehen\" href=\"http:\/\/puccini-restaurant.de\/?page_id=220\">K\u00f6stlichkeiten<\/a>.<\/p>\nngg_shortcode_0_placeholder\n<p>&nbsp;<\/p>\n<p>Unser Restaurant bietet f\u00fcr jede <a title=\"Ihr Event\" href=\"http:\/\/puccini-restaurant.de\/?page_id=112\">Feier<\/a> den passenden Rahmen und das passende Men\u00fc.<\/p>\n<p>Gerne werden\u00a0Familienfeste,\u00a0Candle-Light-Dinner,\u00a0Hochzeiten,\u00a0Betriebsfeste und\u00a0<a title=\"Catering\" href=\"http:\/\/puccini-restaurant.de\/?page_id=110\">Catering<\/a> f\u00fcr Sie\u00a0ausgerichtet und mit einer passenden\u00a0Dekoration unterstrichen.<\/p>\n<p>&nbsp;<\/p>\n<p>Das\u00a0Motto des\u00a0Hauses\u2026<br \/>\n\u201c&#8230;verw\u00f6hnen lassen!\u201d<\/p>\n<p>&nbsp;<\/p>\n<p>Kommen Sie uns besuchen, wir freuen uns auf Sie.<\/p>\n<p>&nbsp;<\/p>\n<p>Ihr Puccini-Team<\/p>\n","protected":false},"excerpt":{"rendered":"<p>&nbsp; Liebe G\u00e4ste, genie\u00dfen Sie in gem\u00fctlicher Atmosph\u00e4re die italienische K\u00fcche unseres Hauses. Gerne verw\u00f6hnen wir Sie mit unseren K\u00f6stlichkeiten. &nbsp; Unser Restaurant bietet f\u00fcr jede Feier den passenden Rahmen und das passende Men\u00fc. Gerne werden\u00a0Familienfeste,\u00a0Candle-Light-Dinner,\u00a0Hochzeiten,\u00a0Betriebsfeste und\u00a0Catering f\u00fcr Sie\u00a0ausgerichtet und mit einer passenden\u00a0Dekoration unterstrichen. &nbsp; Das\u00a0Motto des\u00a0Hauses\u2026 \u201c&#8230;verw\u00f6hnen lassen!\u201d &nbsp;&nbsp; <a href=\"http:\/\/puccini-oldenburg.de\/?page_id=96\" title=\"Read more Restaurant\">Read more &raquo;<\/a><\/p>\n","protected":false},"author":1,"featured_media":0,"parent":94,"menu_order":0,"comment_status":"closed","ping_status":"closed","template":"","meta":{"ngg_post_thumbnail":0,"footnotes":""},"class_list":["post-96","page","type-page","status-publish","hentry"],"_links":{"self":[{"href":"http:\/\/puccini-oldenburg.de\/index.php?rest_route=\/wp\/v2\/pages\/96"}],"collection":[{"href":"http:\/\/puccini-oldenburg.de\/index.php?rest_route=\/wp\/v2\/pages"}],"about":[{"href":"http:\/\/puccini-oldenburg.de\/index.php?rest_route=\/wp\/v2\/types\/page"}],"author":[{"embeddable":true,"href":"http:\/\/puccini-oldenburg.de\/index.php?rest_route=\/wp\/v2\/users\/1"}],"replies":[{"embeddable":true,"href":"http:\/\/puccini-oldenburg.de\/index.php?rest_route=%2Fwp%2Fv2%2Fcomments&post=96"}],"version-history":[{"count":13,"href":"http:\/\/puccini-oldenburg.de\/index.php?rest_route=\/wp\/v2\/pages\/96\/revisions"}],"predecessor-version":[{"id":459,"href":"http:\/\/puccini-oldenburg.de\/index.php?rest_route=\/wp\/v2\/pages\/96\/revisions\/459"}],"up":[{"embeddable":true,"href":"http:\/\/puccini-oldenburg.de\/index.php?rest_route=\/wp\/v2\/pages\/94"}],"wp:attachment":[{"href":"http:\/\/puccini-oldenburg.de\/index.php?rest_route=%2Fwp%2Fv2%2Fmedia&parent=96"}],"curies":[{"name":"wp","href":"https:\/\/api.w.org\/{rel}","templated":true}]}}